{"id":13,"date":"2026-03-06T13:02:41","date_gmt":"2026-03-06T13:02:41","guid":{"rendered":"https:\/\/lescoquimp.fr\/?page_id=13"},"modified":"2026-03-26T08:44:45","modified_gmt":"2026-03-26T08:44:45","slug":"association","status":"publish","type":"page","link":"https:\/\/lescoquimp.fr\/?page_id=13","title":{"rendered":"L\u2019association"},"content":{"rendered":"","protected":true},"excerpt":{"rendered":"","protected":true},"author":1,"featured_media":0,"parent":0,"menu_order":0,"comment_status":"closed","ping_status":"closed","template":"","meta":{"site-sidebar-layout":"no-sidebar","site-content-layout":"","ast-site-content-layout":"full-width-container","site-content-style":"default","site-sidebar-style":"default","ast-global-header-display":"","ast-banner-title-visibility":"","ast-main-header-display":"","ast-hfb-above-header-display":"","ast-hfb-below-header-display":"","ast-hfb-mobile-header-display":"","site-post-title":"disabled","ast-breadcrumbs-content":"","ast-featured-img":"disabled","footer-sml-layout":"","ast-disable-related-posts":"","theme-transparent-header-meta":"","adv-header-id-meta":"","stick-header-meta":"","header-above-stick-meta":"","header-main-stick-meta":"","header-below-stick-meta":"","astra-migrate-meta-layouts":"default","ast-page-background-enabled":"default","ast-page-background-meta":{"desktop":{"background-color":"var(--ast-global-color-5)","background-image":"","background-repeat":"repeat","background-position":"center center","background-size":"auto","background-attachment":"scroll","background-type":"","background-media":"","overlay-type":"","overlay-color":"","overlay-opacity":"","overlay-gradient":""},"tablet":{"background-color":"","background-image":"","background-repeat":"repeat","background-position":"center center","background-size":"auto","background-attachment":"scroll","background-type":"","background-media":"","overlay-type":"","overlay-color":"","overlay-opacity":"","overlay-gradient":""},"mobile":{"background-color":"","background-image":"","background-repeat":"repeat","background-position":"center center","background-size":"auto","background-attachment":"scroll","background-type":"","background-media":"","overlay-type":"","overlay-color":"","overlay-opacity":"","overlay-gradient":""}},"ast-content-background-meta":{"desktop":{"background-color":"var(--ast-global-color-4)","background-image":"","background-repeat":"repeat","background-position":"center center","background-size":"auto","background-attachment":"scroll","background-type":"","background-media":"","overlay-type":"","overlay-color":"","overlay-opacity":"","overlay-gradient":""},"tablet":{"background-color":"var(--ast-global-color-4)","background-image":"","background-repeat":"repeat","background-position":"center center","background-size":"auto","background-attachment":"scroll","background-type":"","background-media":"","overlay-type":"","overlay-color":"","overlay-opacity":"","overlay-gradient":""},"mobile":{"background-color":"var(--ast-global-color-4)","background-image":"","background-repeat":"repeat","background-position":"center center","background-size":"auto","background-attachment":"scroll","background-type":"","background-media":"","overlay-type":"","overlay-color":"","overlay-opacity":"","overlay-gradient":""}},"footnotes":""},"class_list":["post-13","page","type-page","status-publish","post-password-required","hentry"],"yoast_head":"<!-- This site is optimized with the Yoast SEO plugin v27.0 - https:\/\/yoast.com\/product\/yoast-seo-wordpress\/ -->\n<title>L\u2019association - Coquimp Association des commer\u00e7ants de Quimperl\u00e9<\/title>\n<meta name=\"robots\" content=\"index, follow, max-snippet:-1, max-image-preview:large, max-video-preview:-1\" \/>\n<link rel=\"canonical\" href=\"https:\/\/lescoquimp.fr\/?page_id=13\" \/>\n<meta property=\"og:locale\" content=\"fr_FR\" \/>\n<meta property=\"og:type\" content=\"article\" \/>\n<meta property=\"og:title\" content=\"L\u2019association - Coquimp Association des commer\u00e7ants de Quimperl\u00e9\" \/>\n<meta property=\"og:description\" content=\"Il n\u2019y a pas d\u2019extrait, car cette publication est prot\u00e9g\u00e9e.\" \/>\n<meta property=\"og:url\" content=\"https:\/\/lescoquimp.fr\/?page_id=13\" \/>\n<meta property=\"og:site_name\" content=\"Coquimp Association des commer\u00e7ants de Quimperl\u00e9\" \/>\n<meta property=\"article:modified_time\" content=\"2026-03-26T08:44:45+00:00\" \/>\n<meta name=\"twitter:card\" content=\"summary_large_image\" \/>\n<meta name=\"twitter:label1\" content=\"Dur\u00e9e de lecture estim\u00e9e\" \/>\n\t<meta name=\"twitter:data1\" content=\"1 minute\" \/>\n<script type=\"application\/ld+json\" class=\"yoast-schema-graph\">{\"@context\":\"https:\/\/schema.org\",\"@graph\":[{\"@type\":\"WebPage\",\"@id\":\"https:\/\/lescoquimp.fr\/?page_id=13\",\"url\":\"https:\/\/lescoquimp.fr\/?page_id=13\",\"name\":\"L\u2019association - Coquimp Association des commer\u00e7ants de Quimperl\u00e9\",\"isPartOf\":{\"@id\":\"https:\/\/lescoquimp.fr\/#website\"},\"datePublished\":\"2026-03-06T13:02:41+00:00\",\"dateModified\":\"2026-03-26T08:44:45+00:00\",\"breadcrumb\":{\"@id\":\"https:\/\/lescoquimp.fr\/?page_id=13#breadcrumb\"},\"inLanguage\":\"fr-FR\"},{\"@type\":\"WebSite\",\"@id\":\"https:\/\/lescoquimp.fr\/#website\",\"url\":\"https:\/\/lescoquimp.fr\/\",\"name\":\"Coquimp Association des commer\u00e7ants de Quimperl\u00e9\",\"description\":\"\",\"publisher\":{\"@id\":\"https:\/\/lescoquimp.fr\/#organization\"},\"potentialAction\":[{\"@type\":\"SearchAction\",\"target\":{\"@type\":\"EntryPoint\",\"urlTemplate\":\"https:\/\/lescoquimp.fr\/?s={search_term_string}\"},\"query-input\":{\"@type\":\"PropertyValueSpecification\",\"valueRequired\":true,\"valueName\":\"search_term_string\"}}],\"inLanguage\":\"fr-FR\"},{\"@type\":\"Organization\",\"@id\":\"https:\/\/lescoquimp.fr\/#organization\",\"name\":\"Coquimp Association des commer\u00e7ants de Quimperl\u00e9\",\"url\":\"https:\/\/lescoquimp.fr\/\",\"logo\":{\"@type\":\"ImageObject\",\"inLanguage\":\"fr-FR\",\"@id\":\"https:\/\/lescoquimp.fr\/#\/schema\/logo\/image\/\",\"url\":\"https:\/\/lescoquimp.fr\/wp-content\/uploads\/2026\/03\/cropped-Logo-co.quimp_.png\",\"contentUrl\":\"https:\/\/lescoquimp.fr\/wp-content\/uploads\/2026\/03\/cropped-Logo-co.quimp_.png\",\"width\":390,\"height\":364,\"caption\":\"Coquimp Association des commer\u00e7ants de Quimperl\u00e9\"},\"image\":{\"@id\":\"https:\/\/lescoquimp.fr\/#\/schema\/logo\/image\/\"}}]}<\/script>\n<!-- \/ Yoast SEO plugin. -->","yoast_head_json":{"title":"L\u2019association - Coquimp Association des commer\u00e7ants de Quimperl\u00e9","robots":{"index":"index","follow":"follow","max-snippet":"max-snippet:-1","max-image-preview":"max-image-preview:large","max-video-preview":"max-video-preview:-1"},"canonical":"https:\/\/lescoquimp.fr\/?page_id=13","og_locale":"fr_FR","og_type":"article","og_title":"L\u2019association - Coquimp Association des commer\u00e7ants de Quimperl\u00e9","og_description":"Il n\u2019y a pas d\u2019extrait, car cette publication est prot\u00e9g\u00e9e.","og_url":"https:\/\/lescoquimp.fr\/?page_id=13","og_site_name":"Coquimp Association des commer\u00e7ants de Quimperl\u00e9","article_modified_time":"2026-03-26T08:44:45+00:00","twitter_card":"summary_large_image","twitter_misc":{"Dur\u00e9e de lecture estim\u00e9e":"1 minute"},"schema":{"@context":"https:\/\/schema.org","@graph":[{"@type":"WebPage","@id":"https:\/\/lescoquimp.fr\/?page_id=13","url":"https:\/\/lescoquimp.fr\/?page_id=13","name":"L\u2019association - Coquimp Association des commer\u00e7ants de Quimperl\u00e9","isPartOf":{"@id":"https:\/\/lescoquimp.fr\/#website"},"datePublished":"2026-03-06T13:02:41+00:00","dateModified":"2026-03-26T08:44:45+00:00","breadcrumb":{"@id":"https:\/\/lescoquimp.fr\/?page_id=13#breadcrumb"},"inLanguage":"fr-FR"},{"@type":"WebSite","@id":"https:\/\/lescoquimp.fr\/#website","url":"https:\/\/lescoquimp.fr\/","name":"Coquimp Association des commer\u00e7ants de Quimperl\u00e9","description":"","publisher":{"@id":"https:\/\/lescoquimp.fr\/#organization"},"potentialAction":[{"@type":"SearchAction","target":{"@type":"EntryPoint","urlTemplate":"https:\/\/lescoquimp.fr\/?s={search_term_string}"},"query-input":{"@type":"PropertyValueSpecification","valueRequired":true,"valueName":"search_term_string"}}],"inLanguage":"fr-FR"},{"@type":"Organization","@id":"https:\/\/lescoquimp.fr\/#organization","name":"Coquimp Association des commer\u00e7ants de Quimperl\u00e9","url":"https:\/\/lescoquimp.fr\/","logo":{"@type":"ImageObject","inLanguage":"fr-FR","@id":"https:\/\/lescoquimp.fr\/#\/schema\/logo\/image\/","url":"https:\/\/lescoquimp.fr\/wp-content\/uploads\/2026\/03\/cropped-Logo-co.quimp_.png","contentUrl":"https:\/\/lescoquimp.fr\/wp-content\/uploads\/2026\/03\/cropped-Logo-co.quimp_.png","width":390,"height":364,"caption":"Coquimp Association des commer\u00e7ants de Quimperl\u00e9"},"image":{"@id":"https:\/\/lescoquimp.fr\/#\/schema\/logo\/image\/"}}]}},"_links":{"self":[{"href":"https:\/\/lescoquimp.fr\/index.php?rest_route=\/wp\/v2\/pages\/13","targetHints":{"allow":["GET"]}}],"collection":[{"href":"https:\/\/lescoquimp.fr\/index.php?rest_route=\/wp\/v2\/pages"}],"about":[{"href":"https:\/\/lescoquimp.fr\/index.php?rest_route=\/wp\/v2\/types\/page"}],"author":[{"embeddable":true,"href":"https:\/\/lescoquimp.fr\/index.php?rest_route=\/wp\/v2\/users\/1"}],"replies":[{"embeddable":true,"href":"https:\/\/lescoquimp.fr\/index.php?rest_route=%2Fwp%2Fv2%2Fcomments&post=13"}],"version-history":[{"count":26,"href":"https:\/\/lescoquimp.fr\/index.php?rest_route=\/wp\/v2\/pages\/13\/revisions"}],"predecessor-version":[{"id":285,"href":"https:\/\/lescoquimp.fr\/index.php?rest_route=\/wp\/v2\/pages\/13\/revisions\/285"}],"wp:attachment":[{"href":"https:\/\/lescoquimp.fr\/index.php?rest_route=%2Fwp%2Fv2%2Fmedia&parent=13"}],"curies":[{"name":"wp","href":"https:\/\/api.w.org\/{rel}","templated":true}]}}